{"id":1117,"date":"2017-08-31T08:24:05","date_gmt":"2017-08-31T06:24:05","guid":{"rendered":"http:\/\/wbgroup.pl\/?page_id=1117\/"},"modified":"2026-04-03T11:02:01","modified_gmt":"2026-04-03T09:02:01","slug":"contact-data","status":"publish","type":"page","link":"https:\/\/www.wbgroup.pl\/en\/contact-data\/","title":{"rendered":"Contact details"},"content":{"rendered":"<p><strong>WB ELECTRONICS S.A. WB GROUP&#8217;s headquarters<\/strong><br \/>\nul. Pozna\u0144ska 129\/133<br \/>\n05-850 O\u017car\u00f3w Mazowiecki<br \/>\nt:+48&nbsp;22&nbsp;731&nbsp;25&nbsp;00<br \/>\nf: +48&nbsp;22&nbsp;731&nbsp;25&nbsp;01<br \/>\ne: <a href=\"mailto:info@wb.com.pl\">info@wb.com.pl<\/a><br \/>\nVAT ID: 526&nbsp;216&nbsp;83&nbsp;87<br \/>\n<strong>Zak\u0142ad Automatyki i\u00a0Urz\u0105dze\u0144 Pomiarowych AREX\u00a0<\/strong><br \/>\nul. Hutnicza 3<br \/>\n81-212 Gdynia<br \/>\nt: +58\u00a0344\u00a035\u00a040<br \/>\nf: +58\u00a0344\u00a035\u00a039<br \/>\ne:\u00a0<a href=\"mailto:biuro@arex.pl\">biuro@arex.pl<\/a><br \/>\n<strong>Flytronic\u00a0S.A.<\/strong><br \/>\nul. Bojkowska 43<br \/>\n44-100 Gliwice<br \/>\nt: +48\u00a032\u00a0461\u00a023\u00a050<br \/>\nf: +48\u00a032\u00a0461\u00a023\u00a054<br \/>\ne:\u00a0<a href=\"mailto:flytronic@flytronic.pl\">flytronic@flytronic.pl<\/a><br \/>\nVAT ID: PL9691513993<br \/>\n<strong>MindMade sp. z\u00a0o.o.<\/strong><br \/>\nPl. Konstytucji 3<br \/>\n00-647 Warszawa<br \/>\nt\/f: +48\u00a022\u00a0627\u00a066\u00a096<br \/>\nf: (+48) 22\u00a0627\u00a066\u00a096 w. 13<br \/>\ne:\u00a0<a href=\"mailto:biuro@MindMade.pl\">biuro@MindMade.pl<\/a><br \/>\n<strong>RADMOR S.A.<\/strong><br \/>\nul. Hutnicza 3<br \/>\n81-212 Gdynia<br \/>\nt: +58\u00a0765\u00a059\u00a099<br \/>\nf: 58\u00a0765\u00a059\u00a092<br \/>\ne:\u00a0<a href=\"mailto:market@radmor.com.pl\">market@radmor.com.pl<\/a><\/p>\n<p><strong>Foreign Trade Department<\/strong><\/p>\n<p><a class=\"Button Button--blue\" href=\"https:\/\/wbgroup.pl\/en\/business-cooperation-questionnaire\/\" target=\"_blank\" rel=\"noopener\">Contact FTD<\/a><\/p>\n","protected":false},"excerpt":{"rendered":"<p>WB ELECTRONICS S.A. WB GROUP&#8217;s headquarters ul. Pozna\u0144ska 129\/133&nbsp;05-850 O\u017car\u00f3w Mazowiecki t:+48&nbsp;22&nbsp;731&nbsp;25&nbsp;00 f: +48&nbsp;22&nbsp;731&nbsp;25&nbsp;01 e: info@wb.com.pl VAT ID: 526&nbsp;216&nbsp;83&nbsp;87 Zak\u0142ad Automatyki i\u00a0Urz\u0105dze\u0144 Pomiarowych AREX\u00a0 ul. Hutnicza 3&nbsp;81-212 Gdynia<\/p>\n","protected":false},"author":34,"featured_media":0,"parent":0,"menu_order":92,"comment_status":"closed","ping_status":"closed","template":"","meta":{"footnotes":""},"class_list":["post-1117","page","type-page","status-publish","hentry"],"yoast_head":"<!-- This site is optimized with the Yoast SEO plugin v27.4 - https:\/\/yoast.com\/product\/yoast-seo-wordpress\/ -->\n<title>Contact details - WB GROUP<\/title>\n<meta name=\"robots\" content=\"index, follow, max-snippet:-1, max-image-preview:large, max-video-preview:-1\" \/>\n<link rel=\"canonical\" href=\"https:\/\/www.wbgroup.pl\/en\/contact-data\/\" \/>\n<meta property=\"og:locale\" content=\"en_US\" \/>\n<meta property=\"og:type\" content=\"article\" \/>\n<meta property=\"og:title\" content=\"Contact details - WB GROUP\" \/>\n<meta property=\"og:description\" content=\"WB ELECTRONICS S.A. WB GROUP&#8217;s headquarters ul. Pozna\u0144ska 129\/133 05-850 O\u017car\u00f3w Mazowiecki t:+48&nbsp;22&nbsp;731&nbsp;25&nbsp;00 f: +48&nbsp;22&nbsp;731&nbsp;25&nbsp;01 e: info@wb.com.pl VAT ID: 526&nbsp;216&nbsp;83&nbsp;87 Zak\u0142ad Automatyki i\u00a0Urz\u0105dze\u0144 Pomiarowych AREX\u00a0 ul. Hutnicza 3 81-212 Gdynia\" \/>\n<meta property=\"og:url\" content=\"https:\/\/www.wbgroup.pl\/en\/contact-data\/\" \/>\n<meta property=\"og:site_name\" content=\"WB GROUP\" \/>\n<meta property=\"article:publisher\" content=\"https:\/\/www.facebook.com\/WBGroupPL\" \/>\n<meta property=\"article:modified_time\" content=\"2026-04-03T09:02:01+00:00\" \/>\n<meta name=\"twitter:card\" content=\"summary_large_image\" \/>\n<meta name=\"twitter:site\" content=\"@wbgroup_pl\" \/>\n<meta name=\"twitter:label1\" content=\"Est. reading time\" \/>\n\t<meta name=\"twitter:data1\" content=\"1 minute\" \/>\n<script type=\"application\/ld+json\" class=\"yoast-schema-graph\">{\"@context\":\"https:\\\/\\\/schema.org\",\"@graph\":[{\"@type\":\"WebPage\",\"@id\":\"https:\\\/\\\/www.wbgroup.pl\\\/en\\\/contact-data\\\/\",\"url\":\"https:\\\/\\\/www.wbgroup.pl\\\/en\\\/contact-data\\\/\",\"name\":\"Contact details - WB GROUP\",\"isPartOf\":{\"@id\":\"https:\\\/\\\/www.wbgroup.pl\\\/#website\"},\"datePublished\":\"2017-08-31T06:24:05+00:00\",\"dateModified\":\"2026-04-03T09:02:01+00:00\",\"breadcrumb\":{\"@id\":\"https:\\\/\\\/www.wbgroup.pl\\\/en\\\/contact-data\\\/#breadcrumb\"},\"inLanguage\":\"en-US\",\"potentialAction\":[{\"@type\":\"ReadAction\",\"target\":[\"https:\\\/\\\/www.wbgroup.pl\\\/en\\\/contact-data\\\/\"]}]},{\"@type\":\"BreadcrumbList\",\"@id\":\"https:\\\/\\\/www.wbgroup.pl\\\/en\\\/contact-data\\\/#breadcrumb\",\"itemListElement\":[{\"@type\":\"ListItem\",\"position\":1,\"name\":\"Strona g\u0142\u00f3wna\",\"item\":\"https:\\\/\\\/www.wbgroup.pl\\\/en\\\/\"},{\"@type\":\"ListItem\",\"position\":2,\"name\":\"Contact details\"}]},{\"@type\":\"WebSite\",\"@id\":\"https:\\\/\\\/www.wbgroup.pl\\\/#website\",\"url\":\"https:\\\/\\\/www.wbgroup.pl\\\/\",\"name\":\"WB GROUP\",\"description\":\"Nasza rzeczywisto\u015b\u0107 to Wasza przysz\u0142o\u015b\u0107.\",\"potentialAction\":[{\"@type\":\"SearchAction\",\"target\":{\"@type\":\"EntryPoint\",\"urlTemplate\":\"https:\\\/\\\/www.wbgroup.pl\\\/?s={search_term_string}\"},\"query-input\":{\"@type\":\"PropertyValueSpecification\",\"valueRequired\":true,\"valueName\":\"search_term_string\"}}],\"inLanguage\":\"en-US\"}]}<\/script>\n<!-- \/ Yoast SEO plugin. -->","yoast_head_json":{"title":"Contact details - WB GROUP","robots":{"index":"index","follow":"follow","max-snippet":"max-snippet:-1","max-image-preview":"max-image-preview:large","max-video-preview":"max-video-preview:-1"},"canonical":"https:\/\/www.wbgroup.pl\/en\/contact-data\/","og_locale":"en_US","og_type":"article","og_title":"Contact details - WB GROUP","og_description":"WB ELECTRONICS S.A. WB GROUP&#8217;s headquarters ul. Pozna\u0144ska 129\/133 05-850 O\u017car\u00f3w Mazowiecki t:+48&nbsp;22&nbsp;731&nbsp;25&nbsp;00 f: +48&nbsp;22&nbsp;731&nbsp;25&nbsp;01 e: info@wb.com.pl VAT ID: 526&nbsp;216&nbsp;83&nbsp;87 Zak\u0142ad Automatyki i\u00a0Urz\u0105dze\u0144 Pomiarowych AREX\u00a0 ul. Hutnicza 3 81-212 Gdynia","og_url":"https:\/\/www.wbgroup.pl\/en\/contact-data\/","og_site_name":"WB GROUP","article_publisher":"https:\/\/www.facebook.com\/WBGroupPL","article_modified_time":"2026-04-03T09:02:01+00:00","twitter_card":"summary_large_image","twitter_site":"@wbgroup_pl","twitter_misc":{"Est. reading time":"1 minute"},"schema":{"@context":"https:\/\/schema.org","@graph":[{"@type":"WebPage","@id":"https:\/\/www.wbgroup.pl\/en\/contact-data\/","url":"https:\/\/www.wbgroup.pl\/en\/contact-data\/","name":"Contact details - WB GROUP","isPartOf":{"@id":"https:\/\/www.wbgroup.pl\/#website"},"datePublished":"2017-08-31T06:24:05+00:00","dateModified":"2026-04-03T09:02:01+00:00","breadcrumb":{"@id":"https:\/\/www.wbgroup.pl\/en\/contact-data\/#breadcrumb"},"inLanguage":"en-US","potentialAction":[{"@type":"ReadAction","target":["https:\/\/www.wbgroup.pl\/en\/contact-data\/"]}]},{"@type":"BreadcrumbList","@id":"https:\/\/www.wbgroup.pl\/en\/contact-data\/#breadcrumb","itemListElement":[{"@type":"ListItem","position":1,"name":"Strona g\u0142\u00f3wna","item":"https:\/\/www.wbgroup.pl\/en\/"},{"@type":"ListItem","position":2,"name":"Contact details"}]},{"@type":"WebSite","@id":"https:\/\/www.wbgroup.pl\/#website","url":"https:\/\/www.wbgroup.pl\/","name":"WB GROUP","description":"Nasza rzeczywisto\u015b\u0107 to Wasza przysz\u0142o\u015b\u0107.","potentialAction":[{"@type":"SearchAction","target":{"@type":"EntryPoint","urlTemplate":"https:\/\/www.wbgroup.pl\/?s={search_term_string}"},"query-input":{"@type":"PropertyValueSpecification","valueRequired":true,"valueName":"search_term_string"}}],"inLanguage":"en-US"}]}},"_links":{"self":[{"href":"https:\/\/www.wbgroup.pl\/en\/wp-json\/wp\/v2\/pages\/1117","targetHints":{"allow":["GET"]}}],"collection":[{"href":"https:\/\/www.wbgroup.pl\/en\/wp-json\/wp\/v2\/pages"}],"about":[{"href":"https:\/\/www.wbgroup.pl\/en\/wp-json\/wp\/v2\/types\/page"}],"author":[{"embeddable":true,"href":"https:\/\/www.wbgroup.pl\/en\/wp-json\/wp\/v2\/users\/34"}],"replies":[{"embeddable":true,"href":"https:\/\/www.wbgroup.pl\/en\/wp-json\/wp\/v2\/comments?post=1117"}],"version-history":[{"count":9,"href":"https:\/\/www.wbgroup.pl\/en\/wp-json\/wp\/v2\/pages\/1117\/revisions"}],"predecessor-version":[{"id":15534,"href":"https:\/\/www.wbgroup.pl\/en\/wp-json\/wp\/v2\/pages\/1117\/revisions\/15534"}],"wp:attachment":[{"href":"https:\/\/www.wbgroup.pl\/en\/wp-json\/wp\/v2\/media?parent=1117"}],"curies":[{"name":"wp","href":"https:\/\/api.w.org\/{rel}","templated":true}]}}