{"id":11568,"date":"2020-04-06T08:49:16","date_gmt":"2020-04-06T06:49:16","guid":{"rendered":"https:\/\/www.wbgroup.pl\/ogolne-warunki-zamowienia\/"},"modified":"2025-11-12T07:51:38","modified_gmt":"2025-11-12T06:51:38","slug":"gtc","status":"publish","type":"page","link":"https:\/\/www.wbgroup.pl\/en\/gtc\/","title":{"rendered":"GENERAL TERMS AND CONDITIONS OF PURCHASE"},"content":{"rendered":"<p><a href=\"https:\/\/www.wbgroup.pl\/app\/uploads\/2025\/11\/gtcs-_-07-11-2025.pdf\" target=\"_blank\" rel=\"noopener\">GENERAL TERMS AND CONDITIONS OF PURCHASE<\/a><\/p>\n","protected":false},"excerpt":{"rendered":"<p>GENERAL TERMS AND CONDITIONS OF PURCHASE<\/p>\n","protected":false},"author":7,"featured_media":0,"parent":0,"menu_order":32,"comment_status":"closed","ping_status":"closed","template":"","meta":{"footnotes":""},"class_list":["post-11568","page","type-page","status-publish","hentry"],"yoast_head":"<!-- This site is optimized with the Yoast SEO plugin v27.4 - https:\/\/yoast.com\/product\/yoast-seo-wordpress\/ -->\n<title>GENERAL TERMS AND CONDITIONS OF PURCHASE - WB GROUP<\/title>\n<meta name=\"robots\" content=\"index, follow, max-snippet:-1, max-image-preview:large, max-video-preview:-1\" \/>\n<link rel=\"canonical\" href=\"https:\/\/www.wbgroup.pl\/en\/gtc\/\" \/>\n<meta property=\"og:locale\" content=\"en_US\" \/>\n<meta property=\"og:type\" content=\"article\" \/>\n<meta property=\"og:title\" content=\"GENERAL TERMS AND CONDITIONS OF PURCHASE - WB GROUP\" \/>\n<meta property=\"og:description\" content=\"GENERAL TERMS AND CONDITIONS OF PURCHASE\" \/>\n<meta property=\"og:url\" content=\"https:\/\/www.wbgroup.pl\/en\/gtc\/\" \/>\n<meta property=\"og:site_name\" content=\"WB GROUP\" \/>\n<meta property=\"article:publisher\" content=\"https:\/\/www.facebook.com\/WBGroupPL\" \/>\n<meta property=\"article:modified_time\" content=\"2025-11-12T06:51:38+00:00\" \/>\n<meta name=\"twitter:card\" content=\"summary_large_image\" \/>\n<meta name=\"twitter:site\" content=\"@wbgroup_pl\" \/>\n<meta name=\"twitter:label1\" content=\"Est. reading time\" \/>\n\t<meta name=\"twitter:data1\" content=\"1 minute\" \/>\n<script type=\"application\/ld+json\" class=\"yoast-schema-graph\">{\"@context\":\"https:\\\/\\\/schema.org\",\"@graph\":[{\"@type\":\"WebPage\",\"@id\":\"https:\\\/\\\/www.wbgroup.pl\\\/en\\\/gtc\\\/\",\"url\":\"https:\\\/\\\/www.wbgroup.pl\\\/en\\\/gtc\\\/\",\"name\":\"GENERAL TERMS AND CONDITIONS OF PURCHASE - WB GROUP\",\"isPartOf\":{\"@id\":\"https:\\\/\\\/www.wbgroup.pl\\\/#website\"},\"datePublished\":\"2020-04-06T06:49:16+00:00\",\"dateModified\":\"2025-11-12T06:51:38+00:00\",\"breadcrumb\":{\"@id\":\"https:\\\/\\\/www.wbgroup.pl\\\/en\\\/gtc\\\/#breadcrumb\"},\"inLanguage\":\"en-US\",\"potentialAction\":[{\"@type\":\"ReadAction\",\"target\":[\"https:\\\/\\\/www.wbgroup.pl\\\/en\\\/gtc\\\/\"]}]},{\"@type\":\"BreadcrumbList\",\"@id\":\"https:\\\/\\\/www.wbgroup.pl\\\/en\\\/gtc\\\/#breadcrumb\",\"itemListElement\":[{\"@type\":\"ListItem\",\"position\":1,\"name\":\"Strona g\u0142\u00f3wna\",\"item\":\"https:\\\/\\\/www.wbgroup.pl\\\/en\\\/\"},{\"@type\":\"ListItem\",\"position\":2,\"name\":\"GENERAL TERMS AND CONDITIONS OF PURCHASE\"}]},{\"@type\":\"WebSite\",\"@id\":\"https:\\\/\\\/www.wbgroup.pl\\\/#website\",\"url\":\"https:\\\/\\\/www.wbgroup.pl\\\/\",\"name\":\"WB GROUP\",\"description\":\"Nasza rzeczywisto\u015b\u0107 to Wasza przysz\u0142o\u015b\u0107.\",\"potentialAction\":[{\"@type\":\"SearchAction\",\"target\":{\"@type\":\"EntryPoint\",\"urlTemplate\":\"https:\\\/\\\/www.wbgroup.pl\\\/?s={search_term_string}\"},\"query-input\":{\"@type\":\"PropertyValueSpecification\",\"valueRequired\":true,\"valueName\":\"search_term_string\"}}],\"inLanguage\":\"en-US\"}]}<\/script>\n<!-- \/ Yoast SEO plugin. -->","yoast_head_json":{"title":"GENERAL TERMS AND CONDITIONS OF PURCHASE - WB GROUP","robots":{"index":"index","follow":"follow","max-snippet":"max-snippet:-1","max-image-preview":"max-image-preview:large","max-video-preview":"max-video-preview:-1"},"canonical":"https:\/\/www.wbgroup.pl\/en\/gtc\/","og_locale":"en_US","og_type":"article","og_title":"GENERAL TERMS AND CONDITIONS OF PURCHASE - WB GROUP","og_description":"GENERAL TERMS AND CONDITIONS OF PURCHASE","og_url":"https:\/\/www.wbgroup.pl\/en\/gtc\/","og_site_name":"WB GROUP","article_publisher":"https:\/\/www.facebook.com\/WBGroupPL","article_modified_time":"2025-11-12T06:51:38+00:00","twitter_card":"summary_large_image","twitter_site":"@wbgroup_pl","twitter_misc":{"Est. reading time":"1 minute"},"schema":{"@context":"https:\/\/schema.org","@graph":[{"@type":"WebPage","@id":"https:\/\/www.wbgroup.pl\/en\/gtc\/","url":"https:\/\/www.wbgroup.pl\/en\/gtc\/","name":"GENERAL TERMS AND CONDITIONS OF PURCHASE - WB GROUP","isPartOf":{"@id":"https:\/\/www.wbgroup.pl\/#website"},"datePublished":"2020-04-06T06:49:16+00:00","dateModified":"2025-11-12T06:51:38+00:00","breadcrumb":{"@id":"https:\/\/www.wbgroup.pl\/en\/gtc\/#breadcrumb"},"inLanguage":"en-US","potentialAction":[{"@type":"ReadAction","target":["https:\/\/www.wbgroup.pl\/en\/gtc\/"]}]},{"@type":"BreadcrumbList","@id":"https:\/\/www.wbgroup.pl\/en\/gtc\/#breadcrumb","itemListElement":[{"@type":"ListItem","position":1,"name":"Strona g\u0142\u00f3wna","item":"https:\/\/www.wbgroup.pl\/en\/"},{"@type":"ListItem","position":2,"name":"GENERAL TERMS AND CONDITIONS OF PURCHASE"}]},{"@type":"WebSite","@id":"https:\/\/www.wbgroup.pl\/#website","url":"https:\/\/www.wbgroup.pl\/","name":"WB GROUP","description":"Nasza rzeczywisto\u015b\u0107 to Wasza przysz\u0142o\u015b\u0107.","potentialAction":[{"@type":"SearchAction","target":{"@type":"EntryPoint","urlTemplate":"https:\/\/www.wbgroup.pl\/?s={search_term_string}"},"query-input":{"@type":"PropertyValueSpecification","valueRequired":true,"valueName":"search_term_string"}}],"inLanguage":"en-US"}]}},"_links":{"self":[{"href":"https:\/\/www.wbgroup.pl\/en\/wp-json\/wp\/v2\/pages\/11568","targetHints":{"allow":["GET"]}}],"collection":[{"href":"https:\/\/www.wbgroup.pl\/en\/wp-json\/wp\/v2\/pages"}],"about":[{"href":"https:\/\/www.wbgroup.pl\/en\/wp-json\/wp\/v2\/types\/page"}],"author":[{"embeddable":true,"href":"https:\/\/www.wbgroup.pl\/en\/wp-json\/wp\/v2\/users\/7"}],"replies":[{"embeddable":true,"href":"https:\/\/www.wbgroup.pl\/en\/wp-json\/wp\/v2\/comments?post=11568"}],"version-history":[{"count":6,"href":"https:\/\/www.wbgroup.pl\/en\/wp-json\/wp\/v2\/pages\/11568\/revisions"}],"predecessor-version":[{"id":15091,"href":"https:\/\/www.wbgroup.pl\/en\/wp-json\/wp\/v2\/pages\/11568\/revisions\/15091"}],"wp:attachment":[{"href":"https:\/\/www.wbgroup.pl\/en\/wp-json\/wp\/v2\/media?parent=11568"}],"curies":[{"name":"wp","href":"https:\/\/api.w.org\/{rel}","templated":true}]}}