{"id":3681,"date":"2018-03-13T16:28:03","date_gmt":"2018-03-13T15:28:03","guid":{"rendered":"http:\/\/wbgroup.pl\/?page_id=3681\/"},"modified":"2025-12-15T12:28:50","modified_gmt":"2025-12-15T11:28:50","slug":"flytronic-management","status":"publish","type":"page","link":"https:\/\/www.wbgroup.pl\/en\/flytronic-management\/","title":{"rendered":"FLYTRONIC Management"},"content":{"rendered":"<p>\u0141ukasz Gom\u00f3\u0142ka \u2013 President of the Management Board<\/p>\n<p>Micha\u0142 Bijan \u2013 Member of the Management Board<\/p>\n<p>Przemys\u0142aw Flak \u2013 Member of the Management Board<\/p>\n<p>Jaros\u0142aw Karabin \u2013 Member of the Management Board<\/p>\n<p>&nbsp;<\/p>\n","protected":false},"excerpt":{"rendered":"<p>\u0141ukasz Gom\u00f3\u0142ka \u2013 President of the Management Board Micha\u0142 Bijan \u2013 Member of the Management Board Przemys\u0142aw Flak \u2013 Member of the Management Board Jaros\u0142aw Karabin \u2013 Member of the<\/p>\n","protected":false},"author":7,"featured_media":0,"parent":0,"menu_order":71,"comment_status":"closed","ping_status":"closed","template":"","meta":{"footnotes":""},"class_list":["post-3681","page","type-page","status-publish","hentry"],"yoast_head":"<!-- This site is optimized with the Yoast SEO plugin v27.6 - https:\/\/yoast.com\/product\/yoast-seo-wordpress\/ -->\n<title>FLYTRONIC Management - WB GROUP<\/title>\n<meta name=\"robots\" content=\"index, follow, max-snippet:-1, max-image-preview:large, max-video-preview:-1\" \/>\n<link rel=\"canonical\" href=\"https:\/\/www.wbgroup.pl\/en\/flytronic-management\/\" \/>\n<meta property=\"og:locale\" content=\"en_US\" \/>\n<meta property=\"og:type\" content=\"article\" \/>\n<meta property=\"og:title\" content=\"FLYTRONIC Management - WB GROUP\" \/>\n<meta property=\"og:description\" content=\"\u0141ukasz Gom\u00f3\u0142ka \u2013 President of the Management Board Micha\u0142 Bijan \u2013 Member of the Management Board Przemys\u0142aw Flak \u2013 Member of the Management Board Jaros\u0142aw Karabin \u2013 Member of the\" \/>\n<meta property=\"og:url\" content=\"https:\/\/www.wbgroup.pl\/en\/flytronic-management\/\" \/>\n<meta property=\"og:site_name\" content=\"WB GROUP\" \/>\n<meta property=\"article:publisher\" content=\"https:\/\/www.facebook.com\/WBGroupPL\" \/>\n<meta property=\"article:modified_time\" content=\"2025-12-15T11:28:50+00:00\" \/>\n<meta name=\"twitter:card\" content=\"summary_large_image\" \/>\n<meta name=\"twitter:site\" content=\"@wbgroup_pl\" \/>\n<meta name=\"twitter:label1\" content=\"Est. reading time\" \/>\n\t<meta name=\"twitter:data1\" content=\"1 minute\" \/>\n<script type=\"application\/ld+json\" class=\"yoast-schema-graph\">{\"@context\":\"https:\\\/\\\/schema.org\",\"@graph\":[{\"@type\":\"WebPage\",\"@id\":\"https:\\\/\\\/www.wbgroup.pl\\\/en\\\/flytronic-management\\\/\",\"url\":\"https:\\\/\\\/www.wbgroup.pl\\\/en\\\/flytronic-management\\\/\",\"name\":\"FLYTRONIC Management - WB GROUP\",\"isPartOf\":{\"@id\":\"https:\\\/\\\/www.wbgroup.pl\\\/#website\"},\"datePublished\":\"2018-03-13T15:28:03+00:00\",\"dateModified\":\"2025-12-15T11:28:50+00:00\",\"breadcrumb\":{\"@id\":\"https:\\\/\\\/www.wbgroup.pl\\\/en\\\/flytronic-management\\\/#breadcrumb\"},\"inLanguage\":\"en-US\",\"potentialAction\":[{\"@type\":\"ReadAction\",\"target\":[\"https:\\\/\\\/www.wbgroup.pl\\\/en\\\/flytronic-management\\\/\"]}]},{\"@type\":\"BreadcrumbList\",\"@id\":\"https:\\\/\\\/www.wbgroup.pl\\\/en\\\/flytronic-management\\\/#breadcrumb\",\"itemListElement\":[{\"@type\":\"ListItem\",\"position\":1,\"name\":\"Strona g\u0142\u00f3wna\",\"item\":\"https:\\\/\\\/www.wbgroup.pl\\\/en\\\/\"},{\"@type\":\"ListItem\",\"position\":2,\"name\":\"FLYTRONIC Management\"}]},{\"@type\":\"WebSite\",\"@id\":\"https:\\\/\\\/www.wbgroup.pl\\\/#website\",\"url\":\"https:\\\/\\\/www.wbgroup.pl\\\/\",\"name\":\"WB GROUP\",\"description\":\"Nasza rzeczywisto\u015b\u0107 to Wasza przysz\u0142o\u015b\u0107.\",\"potentialAction\":[{\"@type\":\"SearchAction\",\"target\":{\"@type\":\"EntryPoint\",\"urlTemplate\":\"https:\\\/\\\/www.wbgroup.pl\\\/?s={search_term_string}\"},\"query-input\":{\"@type\":\"PropertyValueSpecification\",\"valueRequired\":true,\"valueName\":\"search_term_string\"}}],\"inLanguage\":\"en-US\"}]}<\/script>\n<!-- \/ Yoast SEO plugin. -->","yoast_head_json":{"title":"FLYTRONIC Management - WB GROUP","robots":{"index":"index","follow":"follow","max-snippet":"max-snippet:-1","max-image-preview":"max-image-preview:large","max-video-preview":"max-video-preview:-1"},"canonical":"https:\/\/www.wbgroup.pl\/en\/flytronic-management\/","og_locale":"en_US","og_type":"article","og_title":"FLYTRONIC Management - WB GROUP","og_description":"\u0141ukasz Gom\u00f3\u0142ka \u2013 President of the Management Board Micha\u0142 Bijan \u2013 Member of the Management Board Przemys\u0142aw Flak \u2013 Member of the Management Board Jaros\u0142aw Karabin \u2013 Member of the","og_url":"https:\/\/www.wbgroup.pl\/en\/flytronic-management\/","og_site_name":"WB GROUP","article_publisher":"https:\/\/www.facebook.com\/WBGroupPL","article_modified_time":"2025-12-15T11:28:50+00:00","twitter_card":"summary_large_image","twitter_site":"@wbgroup_pl","twitter_misc":{"Est. reading time":"1 minute"},"schema":{"@context":"https:\/\/schema.org","@graph":[{"@type":"WebPage","@id":"https:\/\/www.wbgroup.pl\/en\/flytronic-management\/","url":"https:\/\/www.wbgroup.pl\/en\/flytronic-management\/","name":"FLYTRONIC Management - WB GROUP","isPartOf":{"@id":"https:\/\/www.wbgroup.pl\/#website"},"datePublished":"2018-03-13T15:28:03+00:00","dateModified":"2025-12-15T11:28:50+00:00","breadcrumb":{"@id":"https:\/\/www.wbgroup.pl\/en\/flytronic-management\/#breadcrumb"},"inLanguage":"en-US","potentialAction":[{"@type":"ReadAction","target":["https:\/\/www.wbgroup.pl\/en\/flytronic-management\/"]}]},{"@type":"BreadcrumbList","@id":"https:\/\/www.wbgroup.pl\/en\/flytronic-management\/#breadcrumb","itemListElement":[{"@type":"ListItem","position":1,"name":"Strona g\u0142\u00f3wna","item":"https:\/\/www.wbgroup.pl\/en\/"},{"@type":"ListItem","position":2,"name":"FLYTRONIC Management"}]},{"@type":"WebSite","@id":"https:\/\/www.wbgroup.pl\/#website","url":"https:\/\/www.wbgroup.pl\/","name":"WB GROUP","description":"Nasza rzeczywisto\u015b\u0107 to Wasza przysz\u0142o\u015b\u0107.","potentialAction":[{"@type":"SearchAction","target":{"@type":"EntryPoint","urlTemplate":"https:\/\/www.wbgroup.pl\/?s={search_term_string}"},"query-input":{"@type":"PropertyValueSpecification","valueRequired":true,"valueName":"search_term_string"}}],"inLanguage":"en-US"}]}},"_links":{"self":[{"href":"https:\/\/www.wbgroup.pl\/en\/wp-json\/wp\/v2\/pages\/3681","targetHints":{"allow":["GET"]}}],"collection":[{"href":"https:\/\/www.wbgroup.pl\/en\/wp-json\/wp\/v2\/pages"}],"about":[{"href":"https:\/\/www.wbgroup.pl\/en\/wp-json\/wp\/v2\/types\/page"}],"author":[{"embeddable":true,"href":"https:\/\/www.wbgroup.pl\/en\/wp-json\/wp\/v2\/users\/7"}],"replies":[{"embeddable":true,"href":"https:\/\/www.wbgroup.pl\/en\/wp-json\/wp\/v2\/comments?post=3681"}],"version-history":[{"count":10,"href":"https:\/\/www.wbgroup.pl\/en\/wp-json\/wp\/v2\/pages\/3681\/revisions"}],"predecessor-version":[{"id":15225,"href":"https:\/\/www.wbgroup.pl\/en\/wp-json\/wp\/v2\/pages\/3681\/revisions\/15225"}],"wp:attachment":[{"href":"https:\/\/www.wbgroup.pl\/en\/wp-json\/wp\/v2\/media?parent=3681"}],"curies":[{"name":"wp","href":"https:\/\/api.w.org\/{rel}","templated":true}]}}