{"id":3903,"date":"2018-03-19T13:15:48","date_gmt":"2018-03-19T12:15:48","guid":{"rendered":"http:\/\/wbgroup.pl\/?page_id=3903\/"},"modified":"2018-03-19T13:15:48","modified_gmt":"2018-03-19T12:15:48","slug":"flytronic-certificates","status":"publish","type":"page","link":"https:\/\/www.wbgroup.pl\/en\/flytronic-certificates\/","title":{"rendered":"FLYTRONIC Certificates"},"content":{"rendered":"","protected":false},"excerpt":{"rendered":null,"protected":false},"author":7,"featured_media":0,"parent":0,"menu_order":58,"comment_status":"closed","ping_status":"closed","template":"","meta":{"footnotes":""},"class_list":["post-3903","page","type-page","status-publish","hentry"],"yoast_head":"<!-- This site is optimized with the Yoast SEO plugin v27.6 - https:\/\/yoast.com\/product\/yoast-seo-wordpress\/ -->\n<title>FLYTRONIC Certificates - WB GROUP<\/title>\n<meta name=\"robots\" content=\"index, follow, max-snippet:-1, max-image-preview:large, max-video-preview:-1\" \/>\n<link rel=\"canonical\" href=\"https:\/\/www.wbgroup.pl\/en\/flytronic-certificates\/\" \/>\n<meta property=\"og:locale\" content=\"en_US\" \/>\n<meta property=\"og:type\" content=\"article\" \/>\n<meta property=\"og:title\" content=\"FLYTRONIC Certificates - WB GROUP\" \/>\n<meta property=\"og:url\" content=\"https:\/\/www.wbgroup.pl\/en\/flytronic-certificates\/\" \/>\n<meta property=\"og:site_name\" content=\"WB GROUP\" \/>\n<meta property=\"article:publisher\" content=\"https:\/\/www.facebook.com\/WBGroupPL\" \/>\n<meta name=\"twitter:card\" content=\"summary_large_image\" \/>\n<meta name=\"twitter:site\" content=\"@wbgroup_pl\" \/>\n<script type=\"application\/ld+json\" class=\"yoast-schema-graph\">{\"@context\":\"https:\\\/\\\/schema.org\",\"@graph\":[{\"@type\":\"WebPage\",\"@id\":\"https:\\\/\\\/www.wbgroup.pl\\\/en\\\/flytronic-certificates\\\/\",\"url\":\"https:\\\/\\\/www.wbgroup.pl\\\/en\\\/flytronic-certificates\\\/\",\"name\":\"FLYTRONIC Certificates - WB GROUP\",\"isPartOf\":{\"@id\":\"https:\\\/\\\/www.wbgroup.pl\\\/#website\"},\"datePublished\":\"2018-03-19T12:15:48+00:00\",\"breadcrumb\":{\"@id\":\"https:\\\/\\\/www.wbgroup.pl\\\/en\\\/flytronic-certificates\\\/#breadcrumb\"},\"inLanguage\":\"en-US\",\"potentialAction\":[{\"@type\":\"ReadAction\",\"target\":[\"https:\\\/\\\/www.wbgroup.pl\\\/en\\\/flytronic-certificates\\\/\"]}]},{\"@type\":\"BreadcrumbList\",\"@id\":\"https:\\\/\\\/www.wbgroup.pl\\\/en\\\/flytronic-certificates\\\/#breadcrumb\",\"itemListElement\":[{\"@type\":\"ListItem\",\"position\":1,\"name\":\"Strona g\u0142\u00f3wna\",\"item\":\"https:\\\/\\\/www.wbgroup.pl\\\/en\\\/\"},{\"@type\":\"ListItem\",\"position\":2,\"name\":\"FLYTRONIC Certificates\"}]},{\"@type\":\"WebSite\",\"@id\":\"https:\\\/\\\/www.wbgroup.pl\\\/#website\",\"url\":\"https:\\\/\\\/www.wbgroup.pl\\\/\",\"name\":\"WB GROUP\",\"description\":\"Nasza rzeczywisto\u015b\u0107 to Wasza przysz\u0142o\u015b\u0107.\",\"potentialAction\":[{\"@type\":\"SearchAction\",\"target\":{\"@type\":\"EntryPoint\",\"urlTemplate\":\"https:\\\/\\\/www.wbgroup.pl\\\/?s={search_term_string}\"},\"query-input\":{\"@type\":\"PropertyValueSpecification\",\"valueRequired\":true,\"valueName\":\"search_term_string\"}}],\"inLanguage\":\"en-US\"}]}<\/script>\n<!-- \/ Yoast SEO plugin. -->","yoast_head_json":{"title":"FLYTRONIC Certificates - WB GROUP","robots":{"index":"index","follow":"follow","max-snippet":"max-snippet:-1","max-image-preview":"max-image-preview:large","max-video-preview":"max-video-preview:-1"},"canonical":"https:\/\/www.wbgroup.pl\/en\/flytronic-certificates\/","og_locale":"en_US","og_type":"article","og_title":"FLYTRONIC Certificates - WB GROUP","og_url":"https:\/\/www.wbgroup.pl\/en\/flytronic-certificates\/","og_site_name":"WB GROUP","article_publisher":"https:\/\/www.facebook.com\/WBGroupPL","twitter_card":"summary_large_image","twitter_site":"@wbgroup_pl","schema":{"@context":"https:\/\/schema.org","@graph":[{"@type":"WebPage","@id":"https:\/\/www.wbgroup.pl\/en\/flytronic-certificates\/","url":"https:\/\/www.wbgroup.pl\/en\/flytronic-certificates\/","name":"FLYTRONIC Certificates - WB GROUP","isPartOf":{"@id":"https:\/\/www.wbgroup.pl\/#website"},"datePublished":"2018-03-19T12:15:48+00:00","breadcrumb":{"@id":"https:\/\/www.wbgroup.pl\/en\/flytronic-certificates\/#breadcrumb"},"inLanguage":"en-US","potentialAction":[{"@type":"ReadAction","target":["https:\/\/www.wbgroup.pl\/en\/flytronic-certificates\/"]}]},{"@type":"BreadcrumbList","@id":"https:\/\/www.wbgroup.pl\/en\/flytronic-certificates\/#breadcrumb","itemListElement":[{"@type":"ListItem","position":1,"name":"Strona g\u0142\u00f3wna","item":"https:\/\/www.wbgroup.pl\/en\/"},{"@type":"ListItem","position":2,"name":"FLYTRONIC Certificates"}]},{"@type":"WebSite","@id":"https:\/\/www.wbgroup.pl\/#website","url":"https:\/\/www.wbgroup.pl\/","name":"WB GROUP","description":"Nasza rzeczywisto\u015b\u0107 to Wasza przysz\u0142o\u015b\u0107.","potentialAction":[{"@type":"SearchAction","target":{"@type":"EntryPoint","urlTemplate":"https:\/\/www.wbgroup.pl\/?s={search_term_string}"},"query-input":{"@type":"PropertyValueSpecification","valueRequired":true,"valueName":"search_term_string"}}],"inLanguage":"en-US"}]}},"_links":{"self":[{"href":"https:\/\/www.wbgroup.pl\/en\/wp-json\/wp\/v2\/pages\/3903","targetHints":{"allow":["GET"]}}],"collection":[{"href":"https:\/\/www.wbgroup.pl\/en\/wp-json\/wp\/v2\/pages"}],"about":[{"href":"https:\/\/www.wbgroup.pl\/en\/wp-json\/wp\/v2\/types\/page"}],"author":[{"embeddable":true,"href":"https:\/\/www.wbgroup.pl\/en\/wp-json\/wp\/v2\/users\/7"}],"replies":[{"embeddable":true,"href":"https:\/\/www.wbgroup.pl\/en\/wp-json\/wp\/v2\/comments?post=3903"}],"version-history":[{"count":1,"href":"https:\/\/www.wbgroup.pl\/en\/wp-json\/wp\/v2\/pages\/3903\/revisions"}],"predecessor-version":[{"id":3904,"href":"https:\/\/www.wbgroup.pl\/en\/wp-json\/wp\/v2\/pages\/3903\/revisions\/3904"}],"wp:attachment":[{"href":"https:\/\/www.wbgroup.pl\/en\/wp-json\/wp\/v2\/media?parent=3903"}],"curies":[{"name":"wp","href":"https:\/\/api.w.org\/{rel}","templated":true}]}}