{"id":3906,"date":"2018-03-19T13:17:09","date_gmt":"2018-03-19T12:17:09","guid":{"rendered":"http:\/\/wbgroup.pl\/?page_id=3906\/"},"modified":"2018-12-03T16:02:56","modified_gmt":"2018-12-03T15:02:56","slug":"mindmade-certificates","status":"publish","type":"page","link":"https:\/\/www.wbgroup.pl\/en\/mindmade-certificates\/","title":{"rendered":"MINDMADE Certificates"},"content":{"rendered":"<p><a href=\"http:\/\/www.wbgroup.pl\/app\/uploads\/2018\/12\/certyfikat-iso.pdf\" target=\"_blank\" rel=\"noopener\">ISO 9001 : 2015 Certificate<\/a><\/p>\n<p><a href=\"http:\/\/www.wbgroup.pl\/app\/uploads\/2018\/12\/certyfikat-aqap.pdf\" target=\"_blank\" rel=\"noopener\">\u00a0AQAP 2110 : 2016 Certificate<\/a><\/p>\n","protected":false},"excerpt":{"rendered":"<p>ISO 9001 : 2015 Certificate \u00a0AQAP 2110 : 2016 Certificate<\/p>\n","protected":false},"author":7,"featured_media":0,"parent":0,"menu_order":57,"comment_status":"closed","ping_status":"closed","template":"","meta":{"footnotes":""},"class_list":["post-3906","page","type-page","status-publish","hentry"],"yoast_head":"<!-- This site is optimized with the Yoast SEO plugin v27.4 - https:\/\/yoast.com\/product\/yoast-seo-wordpress\/ -->\n<title>MINDMADE Certificates - WB GROUP<\/title>\n<meta name=\"robots\" content=\"index, follow, max-snippet:-1, max-image-preview:large, max-video-preview:-1\" \/>\n<link rel=\"canonical\" href=\"https:\/\/www.wbgroup.pl\/en\/mindmade-certificates\/\" \/>\n<meta property=\"og:locale\" content=\"en_US\" \/>\n<meta property=\"og:type\" content=\"article\" \/>\n<meta property=\"og:title\" content=\"MINDMADE Certificates - WB GROUP\" \/>\n<meta property=\"og:description\" content=\"ISO 9001 : 2015 Certificate \u00a0AQAP 2110 : 2016 Certificate\" \/>\n<meta property=\"og:url\" content=\"https:\/\/www.wbgroup.pl\/en\/mindmade-certificates\/\" \/>\n<meta property=\"og:site_name\" content=\"WB GROUP\" \/>\n<meta property=\"article:publisher\" content=\"https:\/\/www.facebook.com\/WBGroupPL\" \/>\n<meta property=\"article:modified_time\" content=\"2018-12-03T15:02:56+00:00\" \/>\n<meta name=\"twitter:card\" content=\"summary_large_image\" \/>\n<meta name=\"twitter:site\" content=\"@wbgroup_pl\" \/>\n<script type=\"application\/ld+json\" class=\"yoast-schema-graph\">{\"@context\":\"https:\\\/\\\/schema.org\",\"@graph\":[{\"@type\":\"WebPage\",\"@id\":\"https:\\\/\\\/www.wbgroup.pl\\\/en\\\/mindmade-certificates\\\/\",\"url\":\"https:\\\/\\\/www.wbgroup.pl\\\/en\\\/mindmade-certificates\\\/\",\"name\":\"MINDMADE Certificates - WB GROUP\",\"isPartOf\":{\"@id\":\"https:\\\/\\\/www.wbgroup.pl\\\/#website\"},\"datePublished\":\"2018-03-19T12:17:09+00:00\",\"dateModified\":\"2018-12-03T15:02:56+00:00\",\"breadcrumb\":{\"@id\":\"https:\\\/\\\/www.wbgroup.pl\\\/en\\\/mindmade-certificates\\\/#breadcrumb\"},\"inLanguage\":\"en-US\",\"potentialAction\":[{\"@type\":\"ReadAction\",\"target\":[\"https:\\\/\\\/www.wbgroup.pl\\\/en\\\/mindmade-certificates\\\/\"]}]},{\"@type\":\"BreadcrumbList\",\"@id\":\"https:\\\/\\\/www.wbgroup.pl\\\/en\\\/mindmade-certificates\\\/#breadcrumb\",\"itemListElement\":[{\"@type\":\"ListItem\",\"position\":1,\"name\":\"Strona g\u0142\u00f3wna\",\"item\":\"https:\\\/\\\/www.wbgroup.pl\\\/en\\\/\"},{\"@type\":\"ListItem\",\"position\":2,\"name\":\"MINDMADE Certificates\"}]},{\"@type\":\"WebSite\",\"@id\":\"https:\\\/\\\/www.wbgroup.pl\\\/#website\",\"url\":\"https:\\\/\\\/www.wbgroup.pl\\\/\",\"name\":\"WB GROUP\",\"description\":\"Nasza rzeczywisto\u015b\u0107 to Wasza przysz\u0142o\u015b\u0107.\",\"potentialAction\":[{\"@type\":\"SearchAction\",\"target\":{\"@type\":\"EntryPoint\",\"urlTemplate\":\"https:\\\/\\\/www.wbgroup.pl\\\/?s={search_term_string}\"},\"query-input\":{\"@type\":\"PropertyValueSpecification\",\"valueRequired\":true,\"valueName\":\"search_term_string\"}}],\"inLanguage\":\"en-US\"}]}<\/script>\n<!-- \/ Yoast SEO plugin. -->","yoast_head_json":{"title":"MINDMADE Certificates - WB GROUP","robots":{"index":"index","follow":"follow","max-snippet":"max-snippet:-1","max-image-preview":"max-image-preview:large","max-video-preview":"max-video-preview:-1"},"canonical":"https:\/\/www.wbgroup.pl\/en\/mindmade-certificates\/","og_locale":"en_US","og_type":"article","og_title":"MINDMADE Certificates - WB GROUP","og_description":"ISO 9001 : 2015 Certificate \u00a0AQAP 2110 : 2016 Certificate","og_url":"https:\/\/www.wbgroup.pl\/en\/mindmade-certificates\/","og_site_name":"WB GROUP","article_publisher":"https:\/\/www.facebook.com\/WBGroupPL","article_modified_time":"2018-12-03T15:02:56+00:00","twitter_card":"summary_large_image","twitter_site":"@wbgroup_pl","schema":{"@context":"https:\/\/schema.org","@graph":[{"@type":"WebPage","@id":"https:\/\/www.wbgroup.pl\/en\/mindmade-certificates\/","url":"https:\/\/www.wbgroup.pl\/en\/mindmade-certificates\/","name":"MINDMADE Certificates - WB GROUP","isPartOf":{"@id":"https:\/\/www.wbgroup.pl\/#website"},"datePublished":"2018-03-19T12:17:09+00:00","dateModified":"2018-12-03T15:02:56+00:00","breadcrumb":{"@id":"https:\/\/www.wbgroup.pl\/en\/mindmade-certificates\/#breadcrumb"},"inLanguage":"en-US","potentialAction":[{"@type":"ReadAction","target":["https:\/\/www.wbgroup.pl\/en\/mindmade-certificates\/"]}]},{"@type":"BreadcrumbList","@id":"https:\/\/www.wbgroup.pl\/en\/mindmade-certificates\/#breadcrumb","itemListElement":[{"@type":"ListItem","position":1,"name":"Strona g\u0142\u00f3wna","item":"https:\/\/www.wbgroup.pl\/en\/"},{"@type":"ListItem","position":2,"name":"MINDMADE Certificates"}]},{"@type":"WebSite","@id":"https:\/\/www.wbgroup.pl\/#website","url":"https:\/\/www.wbgroup.pl\/","name":"WB GROUP","description":"Nasza rzeczywisto\u015b\u0107 to Wasza przysz\u0142o\u015b\u0107.","potentialAction":[{"@type":"SearchAction","target":{"@type":"EntryPoint","urlTemplate":"https:\/\/www.wbgroup.pl\/?s={search_term_string}"},"query-input":{"@type":"PropertyValueSpecification","valueRequired":true,"valueName":"search_term_string"}}],"inLanguage":"en-US"}]}},"_links":{"self":[{"href":"https:\/\/www.wbgroup.pl\/en\/wp-json\/wp\/v2\/pages\/3906","targetHints":{"allow":["GET"]}}],"collection":[{"href":"https:\/\/www.wbgroup.pl\/en\/wp-json\/wp\/v2\/pages"}],"about":[{"href":"https:\/\/www.wbgroup.pl\/en\/wp-json\/wp\/v2\/types\/page"}],"author":[{"embeddable":true,"href":"https:\/\/www.wbgroup.pl\/en\/wp-json\/wp\/v2\/users\/7"}],"replies":[{"embeddable":true,"href":"https:\/\/www.wbgroup.pl\/en\/wp-json\/wp\/v2\/comments?post=3906"}],"version-history":[{"count":3,"href":"https:\/\/www.wbgroup.pl\/en\/wp-json\/wp\/v2\/pages\/3906\/revisions"}],"predecessor-version":[{"id":5245,"href":"https:\/\/www.wbgroup.pl\/en\/wp-json\/wp\/v2\/pages\/3906\/revisions\/5245"}],"wp:attachment":[{"href":"https:\/\/www.wbgroup.pl\/en\/wp-json\/wp\/v2\/media?parent=3906"}],"curies":[{"name":"wp","href":"https:\/\/api.w.org\/{rel}","templated":true}]}}