{"id":3909,"date":"2018-03-19T13:18:23","date_gmt":"2018-03-19T12:18:23","guid":{"rendered":"http:\/\/wbgroup.pl\/?page_id=3909\/"},"modified":"2023-11-16T10:48:54","modified_gmt":"2023-11-16T09:48:54","slug":"radmor-certificates","status":"publish","type":"page","link":"https:\/\/www.wbgroup.pl\/en\/radmor-certificates\/","title":{"rendered":"RADMOR Certificates"},"content":{"rendered":"<p><a href=\"https:\/\/www.wbgroup.pl\/app\/uploads\/2017\/06\/ab-1132_akredyt-dla-laboratorium.pdf\">ZAKRES AKREDYTACJI LABORATORIUM BADAWCZEGO<\/a><\/p>\n<p><a href=\"https:\/\/www.wbgroup.pl\/app\/uploads\/2017\/06\/akredytacja-oib_do-2025.pdf\">CERTYFIKAT AKREDYTACJI W ZAKRESIE OBRONNO\u015aCI I BEZPIECZE\u0143STWA<\/a><\/p>\n<p><a href=\"https:\/\/www.wbgroup.pl\/app\/uploads\/2017\/06\/aqap2110_do_2026_pl-1.pdf\">CERTYFIKAT AQAP 2110:2016<\/a><\/p>\n<p><a href=\"https:\/\/www.wbgroup.pl\/app\/uploads\/2017\/06\/aqap2210_do_2026_pl-1.pdf\">CERTYFIKAT AQAP 2210:2022<\/a><\/p>\n<p><a href=\"https:\/\/www.wbgroup.pl\/app\/uploads\/2017\/06\/iso9001_do_2026_pl-1.pdf\">CERTYFIKAT ISO 9001:2015<\/a><\/p>\n<p><a href=\"https:\/\/www.wbgroup.pl\/app\/uploads\/2017\/06\/wsk_do_2026_pl-1.pdf\">Certyfikat WSK w zakresie obrotu towarami, technologiami i us\u0142ugami o znaczeniu strategicznym<\/a><\/p>\n<p><a href=\"https:\/\/www.wbgroup.pl\/app\/uploads\/2017\/06\/zakres-akredytacji-oib_do-2025.pdf\">Zakres akredytacji OiB<\/a><\/p>\n<p><a href=\"https:\/\/www.wbgroup.pl\/app\/uploads\/2017\/06\/zakres-akredytacji-pca-2022-no-15.pdf\">Zakres akredytacji laboratorium badawczego<\/a><\/p>\n<p><strong>Koncesje<\/strong><\/p>\n<p>KONCESJA MSWiA<\/p>\n<p>&nbsp;<\/p>\n<p><strong>Concessions<\/strong><\/p>\n<p>Concession of the Ministry of the Interior and Administration<\/p>\n","protected":false},"excerpt":{"rendered":"<p>ZAKRES AKREDYTACJI LABORATORIUM BADAWCZEGO CERTYFIKAT AKREDYTACJI W ZAKRESIE OBRONNO\u015aCI I BEZPIECZE\u0143STWA CERTYFIKAT AQAP 2110:2016 CERTYFIKAT AQAP 2210:2022 CERTYFIKAT ISO 9001:2015 Certyfikat WSK w zakresie obrotu towarami, technologiami i us\u0142ugami o<\/p>\n","protected":false},"author":7,"featured_media":0,"parent":0,"menu_order":55,"comment_status":"closed","ping_status":"closed","template":"","meta":{"footnotes":""},"class_list":["post-3909","page","type-page","status-publish","hentry"],"yoast_head":"<!-- This site is optimized with the Yoast SEO plugin v27.4 - https:\/\/yoast.com\/product\/yoast-seo-wordpress\/ -->\n<title>RADMOR Certificates - WB GROUP<\/title>\n<meta name=\"robots\" content=\"index, follow, max-snippet:-1, max-image-preview:large, max-video-preview:-1\" \/>\n<link rel=\"canonical\" href=\"https:\/\/www.wbgroup.pl\/en\/radmor-certificates\/\" \/>\n<meta property=\"og:locale\" content=\"en_US\" \/>\n<meta property=\"og:type\" content=\"article\" \/>\n<meta property=\"og:title\" content=\"RADMOR Certificates - WB GROUP\" \/>\n<meta property=\"og:description\" content=\"ZAKRES AKREDYTACJI LABORATORIUM BADAWCZEGO CERTYFIKAT AKREDYTACJI W ZAKRESIE OBRONNO\u015aCI I BEZPIECZE\u0143STWA CERTYFIKAT AQAP 2110:2016 CERTYFIKAT AQAP 2210:2022 CERTYFIKAT ISO 9001:2015 Certyfikat WSK w zakresie obrotu towarami, technologiami i us\u0142ugami o\" \/>\n<meta property=\"og:url\" content=\"https:\/\/www.wbgroup.pl\/en\/radmor-certificates\/\" \/>\n<meta property=\"og:site_name\" content=\"WB GROUP\" \/>\n<meta property=\"article:publisher\" content=\"https:\/\/www.facebook.com\/WBGroupPL\" \/>\n<meta property=\"article:modified_time\" content=\"2023-11-16T09:48:54+00:00\" \/>\n<meta name=\"twitter:card\" content=\"summary_large_image\" \/>\n<meta name=\"twitter:site\" content=\"@wbgroup_pl\" \/>\n<meta name=\"twitter:label1\" content=\"Est. reading time\" \/>\n\t<meta name=\"twitter:data1\" content=\"1 minute\" \/>\n<script type=\"application\/ld+json\" class=\"yoast-schema-graph\">{\"@context\":\"https:\\\/\\\/schema.org\",\"@graph\":[{\"@type\":\"WebPage\",\"@id\":\"https:\\\/\\\/www.wbgroup.pl\\\/en\\\/radmor-certificates\\\/\",\"url\":\"https:\\\/\\\/www.wbgroup.pl\\\/en\\\/radmor-certificates\\\/\",\"name\":\"RADMOR Certificates - WB GROUP\",\"isPartOf\":{\"@id\":\"https:\\\/\\\/www.wbgroup.pl\\\/#website\"},\"datePublished\":\"2018-03-19T12:18:23+00:00\",\"dateModified\":\"2023-11-16T09:48:54+00:00\",\"breadcrumb\":{\"@id\":\"https:\\\/\\\/www.wbgroup.pl\\\/en\\\/radmor-certificates\\\/#breadcrumb\"},\"inLanguage\":\"en-US\",\"potentialAction\":[{\"@type\":\"ReadAction\",\"target\":[\"https:\\\/\\\/www.wbgroup.pl\\\/en\\\/radmor-certificates\\\/\"]}]},{\"@type\":\"BreadcrumbList\",\"@id\":\"https:\\\/\\\/www.wbgroup.pl\\\/en\\\/radmor-certificates\\\/#breadcrumb\",\"itemListElement\":[{\"@type\":\"ListItem\",\"position\":1,\"name\":\"Strona g\u0142\u00f3wna\",\"item\":\"https:\\\/\\\/www.wbgroup.pl\\\/en\\\/\"},{\"@type\":\"ListItem\",\"position\":2,\"name\":\"RADMOR Certificates\"}]},{\"@type\":\"WebSite\",\"@id\":\"https:\\\/\\\/www.wbgroup.pl\\\/#website\",\"url\":\"https:\\\/\\\/www.wbgroup.pl\\\/\",\"name\":\"WB GROUP\",\"description\":\"Nasza rzeczywisto\u015b\u0107 to Wasza przysz\u0142o\u015b\u0107.\",\"potentialAction\":[{\"@type\":\"SearchAction\",\"target\":{\"@type\":\"EntryPoint\",\"urlTemplate\":\"https:\\\/\\\/www.wbgroup.pl\\\/?s={search_term_string}\"},\"query-input\":{\"@type\":\"PropertyValueSpecification\",\"valueRequired\":true,\"valueName\":\"search_term_string\"}}],\"inLanguage\":\"en-US\"}]}<\/script>\n<!-- \/ Yoast SEO plugin. -->","yoast_head_json":{"title":"RADMOR Certificates - WB GROUP","robots":{"index":"index","follow":"follow","max-snippet":"max-snippet:-1","max-image-preview":"max-image-preview:large","max-video-preview":"max-video-preview:-1"},"canonical":"https:\/\/www.wbgroup.pl\/en\/radmor-certificates\/","og_locale":"en_US","og_type":"article","og_title":"RADMOR Certificates - WB GROUP","og_description":"ZAKRES AKREDYTACJI LABORATORIUM BADAWCZEGO CERTYFIKAT AKREDYTACJI W ZAKRESIE OBRONNO\u015aCI I BEZPIECZE\u0143STWA CERTYFIKAT AQAP 2110:2016 CERTYFIKAT AQAP 2210:2022 CERTYFIKAT ISO 9001:2015 Certyfikat WSK w zakresie obrotu towarami, technologiami i us\u0142ugami o","og_url":"https:\/\/www.wbgroup.pl\/en\/radmor-certificates\/","og_site_name":"WB GROUP","article_publisher":"https:\/\/www.facebook.com\/WBGroupPL","article_modified_time":"2023-11-16T09:48:54+00:00","twitter_card":"summary_large_image","twitter_site":"@wbgroup_pl","twitter_misc":{"Est. reading time":"1 minute"},"schema":{"@context":"https:\/\/schema.org","@graph":[{"@type":"WebPage","@id":"https:\/\/www.wbgroup.pl\/en\/radmor-certificates\/","url":"https:\/\/www.wbgroup.pl\/en\/radmor-certificates\/","name":"RADMOR Certificates - WB GROUP","isPartOf":{"@id":"https:\/\/www.wbgroup.pl\/#website"},"datePublished":"2018-03-19T12:18:23+00:00","dateModified":"2023-11-16T09:48:54+00:00","breadcrumb":{"@id":"https:\/\/www.wbgroup.pl\/en\/radmor-certificates\/#breadcrumb"},"inLanguage":"en-US","potentialAction":[{"@type":"ReadAction","target":["https:\/\/www.wbgroup.pl\/en\/radmor-certificates\/"]}]},{"@type":"BreadcrumbList","@id":"https:\/\/www.wbgroup.pl\/en\/radmor-certificates\/#breadcrumb","itemListElement":[{"@type":"ListItem","position":1,"name":"Strona g\u0142\u00f3wna","item":"https:\/\/www.wbgroup.pl\/en\/"},{"@type":"ListItem","position":2,"name":"RADMOR Certificates"}]},{"@type":"WebSite","@id":"https:\/\/www.wbgroup.pl\/#website","url":"https:\/\/www.wbgroup.pl\/","name":"WB GROUP","description":"Nasza rzeczywisto\u015b\u0107 to Wasza przysz\u0142o\u015b\u0107.","potentialAction":[{"@type":"SearchAction","target":{"@type":"EntryPoint","urlTemplate":"https:\/\/www.wbgroup.pl\/?s={search_term_string}"},"query-input":{"@type":"PropertyValueSpecification","valueRequired":true,"valueName":"search_term_string"}}],"inLanguage":"en-US"}]}},"_links":{"self":[{"href":"https:\/\/www.wbgroup.pl\/en\/wp-json\/wp\/v2\/pages\/3909","targetHints":{"allow":["GET"]}}],"collection":[{"href":"https:\/\/www.wbgroup.pl\/en\/wp-json\/wp\/v2\/pages"}],"about":[{"href":"https:\/\/www.wbgroup.pl\/en\/wp-json\/wp\/v2\/types\/page"}],"author":[{"embeddable":true,"href":"https:\/\/www.wbgroup.pl\/en\/wp-json\/wp\/v2\/users\/7"}],"replies":[{"embeddable":true,"href":"https:\/\/www.wbgroup.pl\/en\/wp-json\/wp\/v2\/comments?post=3909"}],"version-history":[{"count":4,"href":"https:\/\/www.wbgroup.pl\/en\/wp-json\/wp\/v2\/pages\/3909\/revisions"}],"predecessor-version":[{"id":12179,"href":"https:\/\/www.wbgroup.pl\/en\/wp-json\/wp\/v2\/pages\/3909\/revisions\/12179"}],"wp:attachment":[{"href":"https:\/\/www.wbgroup.pl\/en\/wp-json\/wp\/v2\/media?parent=3909"}],"curies":[{"name":"wp","href":"https:\/\/api.w.org\/{rel}","templated":true}]}}